{"id":6668,"date":"2022-05-19T14:11:00","date_gmt":"2022-05-19T07:11:00","guid":{"rendered":"https:\/\/hungchaugroup.com.vn\/che-do-phuc-loi\/"},"modified":"2024-06-10T20:40:14","modified_gmt":"2024-06-10T13:40:14","slug":"che-do-phuc-loi","status":"publish","type":"page","link":"https:\/\/hungchaugroup.com.vn\/en\/chinh-sach-dai-ngo\/che-do-phuc-loi\/","title":{"rendered":"Ch\u1ebf \u0111\u1ed9 ph\u00fac l\u1ee3i"},"content":{"rendered":"<p>H\u01b0\u1edfng \u0111\u1ea7y \u0111\u1ee7 ch\u1ebf \u0111\u1ed9 ph\u00fac l\u1ee3i:<\/p>\n<ul>\n<li>B\u1ea3o hi\u1ec3m x\u00e3 h\u1ed9i<\/li>\n<li>B\u1ea3o hi\u1ec3m y t\u1ebf<\/li>\n<li>B\u1ea3o hi\u1ec3m th\u1ea5t nghi\u1ec7p<\/li>\n<li>C\u00e1c quy\u1ec1n l\u1ee3i kh\u00e1c theo lu\u1eadt lao \u0111\u1ed9ng v\u00e0 ch\u00ednh s\u00e1ch c\u1ee7a C\u00f4ng ty<\/li>\n<\/ul>\n<p>L\u01b0\u01a1ng c\u1ee9ng: 8-12tr + th\u01b0\u1edfng theo chi\u1ebfn d\u1ecbch, d\u1ef1 \u00e1n.<\/p>\n","protected":false},"excerpt":{"rendered":"<p>H\u01b0\u1edfng \u0111\u1ea7y \u0111\u1ee7 ch\u1ebf \u0111\u1ed9 ph\u00fac l\u1ee3i: B\u1ea3o hi\u1ec3m x\u00e3 h\u1ed9i B\u1ea3o hi\u1ec3m y t\u1ebf B\u1ea3o hi\u1ec3m th\u1ea5t nghi\u1ec7p C\u00e1c quy\u1ec1n l\u1ee3i kh\u00e1c theo lu\u1eadt lao \u0111\u1ed9ng v\u00e0 ch\u00ednh s\u00e1ch c\u1ee7a C\u00f4ng ty L\u01b0\u01a1ng c\u1ee9ng: 8-12tr + th\u01b0\u1edfng theo chi\u1ebfn d\u1ecbch, d\u1ef1 \u00e1n.<\/p>\n","protected":false},"author":3,"featured_media":0,"parent":6667,"menu_order":0,"comment_status":"closed","ping_status":"closed","template":"templates\/policy-career.php","meta":{"footnotes":""},"acf":[],"_links":{"self":[{"href":"https:\/\/hungchaugroup.com.vn\/en\/wp-json\/wp\/v2\/pages\/6668"}],"collection":[{"href":"https:\/\/hungchaugroup.com.vn\/en\/wp-json\/wp\/v2\/pages"}],"about":[{"href":"https:\/\/hungchaugroup.com.vn\/en\/wp-json\/wp\/v2\/types\/page"}],"author":[{"embeddable":true,"href":"https:\/\/hungchaugroup.com.vn\/en\/wp-json\/wp\/v2\/users\/3"}],"replies":[{"embeddable":true,"href":"https:\/\/hungchaugroup.com.vn\/en\/wp-json\/wp\/v2\/comments?post=6668"}],"version-history":[{"count":4,"href":"https:\/\/hungchaugroup.com.vn\/en\/wp-json\/wp\/v2\/pages\/6668\/revisions"}],"predecessor-version":[{"id":8279,"href":"https:\/\/hungchaugroup.com.vn\/en\/wp-json\/wp\/v2\/pages\/6668\/revisions\/8279"}],"up":[{"embeddable":true,"href":"https:\/\/hungchaugroup.com.vn\/en\/wp-json\/wp\/v2\/pages\/6667"}],"wp:attachment":[{"href":"https:\/\/hungchaugroup.com.vn\/en\/wp-json\/wp\/v2\/media?parent=6668"}],"curies":[{"name":"wp","href":"https:\/\/api.w.org\/{rel}","templated":true}]}}