{"id":6667,"date":"2022-05-19T14:11:00","date_gmt":"2022-05-19T07:11:00","guid":{"rendered":"https:\/\/hungchaugroup.com.vn\/chinh-sach-dai-ngo\/"},"modified":"2024-06-15T19:09:06","modified_gmt":"2024-06-15T12:09:06","slug":"chinh-sach-dai-ngo","status":"publish","type":"page","link":"https:\/\/hungchaugroup.com.vn\/en\/chinh-sach-dai-ngo\/","title":{"rendered":"Ch\u00ednh s\u00e1ch \u0111\u00e3i ng\u1ed9"},"content":{"rendered":"<ul>\n<li aria-level=\"1\">H\u01b0\u1edfng \u0111\u1ea7y \u0111\u1ee7 ch\u1ebf \u0111\u1ed9 ph\u00fac l\u1ee3i: BHXH, BHYT, BHTN v\u00e0 c\u00e1c quy\u1ec1n l\u1ee3i kh\u00e1c theo lu\u1eadt lao \u0111\u1ed9ng v\u00e0 ch\u00ednh s\u00e1ch c\u1ee7a C\u00f4ng ty<\/li>\n<li aria-level=\"1\">L\u01b0\u01a1ng c\u1ee9ng: 8-12tr + th\u01b0\u1edfng theo chi\u1ebfn d\u1ecbch, d\u1ef1 \u00e1n.<\/li>\n<li aria-level=\"1\">Th\u1eddi gian l\u00e0m vi\u1ec7c:<\/li>\n<\/ul>\n<ul>\n<li aria-level=\"1\">8h30-17h30 c\u00e1c ng\u00e0y t\u1eeb th\u1ee9 2 \u0111\u1ebfn th\u1ee9 6<\/li>\n<li aria-level=\"1\">8h30-12h30 th\u1ee9 b\u1ea3y, ngh\u1ec9 ch\u1ee7 nh\u1eadt v\u00e0 c\u00e1c ng\u00e0y l\u1ec5 t\u1ebft theo quy \u0111\u1ecbnh c\u1ee7a Nh\u00e0 n\u01b0\u1edbc<\/li>\n<\/ul>\n<ul>\n<li aria-level=\"1\">\u0110\u1ecba \u0111i\u1ec3m l\u00e0m vi\u1ec7c: S\u1ed1 11 ng\u00f5 21 L\u00ea V\u0103n L\u01b0\u01a1ng, Nh\u00e2n Ch\u00ednh, Thanh Xu\u00e2n, H\u00e0 N\u1ed9i.<\/li>\n<\/ul>\n","protected":false},"excerpt":{"rendered":"<p>H\u01b0\u1edfng \u0111\u1ea7y \u0111\u1ee7 ch\u1ebf \u0111\u1ed9 ph\u00fac l\u1ee3i: BHXH, BHYT, BHTN v\u00e0 c\u00e1c quy\u1ec1n l\u1ee3i kh\u00e1c theo lu\u1eadt lao \u0111\u1ed9ng v\u00e0 ch\u00ednh s\u00e1ch c\u1ee7a C\u00f4ng ty L\u01b0\u01a1ng c\u1ee9ng: 8-12tr + th\u01b0\u1edfng theo chi\u1ebfn d\u1ecbch, d\u1ef1 \u00e1n. Th\u1eddi gian l\u00e0m vi\u1ec7c: 8h30-17h30 c\u00e1c ng\u00e0y t\u1eeb th\u1ee9 2 \u0111\u1ebfn th\u1ee9 6 8h30-12h30 th\u1ee9 b\u1ea3y, ngh\u1ec9 ch\u1ee7 nh\u1eadt v\u00e0 &#8230; <a title=\"Ch\u00ednh s\u00e1ch \u0111\u00e3i ng\u1ed9\" class=\"read-more\" href=\"https:\/\/hungchaugroup.com.vn\/en\/chinh-sach-dai-ngo\/\" aria-label=\"More on Ch\u00ednh s\u00e1ch \u0111\u00e3i ng\u1ed9\">Read more<\/a><\/p>\n","protected":false},"author":1,"featured_media":0,"parent":0,"menu_order":0,"comment_status":"closed","ping_status":"closed","template":"templates\/policy-career.php","meta":{"footnotes":""},"acf":[],"_links":{"self":[{"href":"https:\/\/hungchaugroup.com.vn\/en\/wp-json\/wp\/v2\/pages\/6667"}],"collection":[{"href":"https:\/\/hungchaugroup.com.vn\/en\/wp-json\/wp\/v2\/pages"}],"about":[{"href":"https:\/\/hungchaugroup.com.vn\/en\/wp-json\/wp\/v2\/types\/page"}],"author":[{"embeddable":true,"href":"https:\/\/hungchaugroup.com.vn\/en\/wp-json\/wp\/v2\/users\/1"}],"replies":[{"embeddable":true,"href":"https:\/\/hungchaugroup.com.vn\/en\/wp-json\/wp\/v2\/comments?post=6667"}],"version-history":[{"count":1,"href":"https:\/\/hungchaugroup.com.vn\/en\/wp-json\/wp\/v2\/pages\/6667\/revisions"}],"predecessor-version":[{"id":8322,"href":"https:\/\/hungchaugroup.com.vn\/en\/wp-json\/wp\/v2\/pages\/6667\/revisions\/8322"}],"wp:attachment":[{"href":"https:\/\/hungchaugroup.com.vn\/en\/wp-json\/wp\/v2\/media?parent=6667"}],"curies":[{"name":"wp","href":"https:\/\/api.w.org\/{rel}","templated":true}]}}