{"id":6666,"date":"2022-05-19T14:11:00","date_gmt":"2022-05-19T07:11:00","guid":{"rendered":"https:\/\/hungchaugroup.com.vn\/chinh-sach-khen-thuong\/"},"modified":"2024-06-15T19:07:18","modified_gmt":"2024-06-15T12:07:18","slug":"chinh-sach-khen-thuong","status":"publish","type":"page","link":"https:\/\/hungchaugroup.com.vn\/en\/chinh-sach-khen-thuong\/","title":{"rendered":"Ch\u00ednh s\u00e1ch khen th\u01b0\u1edfng"},"content":{"rendered":"<ul>\n<li aria-level=\"1\">H\u01b0\u1edfng \u0111\u1ea7y \u0111\u1ee7 ch\u1ebf \u0111\u1ed9 ph\u00fac l\u1ee3i: BHXH, BHYT, BHTN v\u00e0 c\u00e1c quy\u1ec1n l\u1ee3i kh\u00e1c theo lu\u1eadt lao \u0111\u1ed9ng v\u00e0 ch\u00ednh s\u00e1ch c\u1ee7a C\u00f4ng ty<\/li>\n<li aria-level=\"1\">L\u01b0\u01a1ng c\u1ee9ng: 8-12tr<\/li>\n<li aria-level=\"1\">Th\u01b0\u1edfng theo chi\u1ebfn d\u1ecbch, d\u1ef1 \u00e1n.<\/li>\n<\/ul>\n","protected":false},"excerpt":{"rendered":"<p>H\u01b0\u1edfng \u0111\u1ea7y \u0111\u1ee7 ch\u1ebf \u0111\u1ed9 ph\u00fac l\u1ee3i: BHXH, BHYT, BHTN v\u00e0 c\u00e1c quy\u1ec1n l\u1ee3i kh\u00e1c theo lu\u1eadt lao \u0111\u1ed9ng v\u00e0 ch\u00ednh s\u00e1ch c\u1ee7a C\u00f4ng ty L\u01b0\u01a1ng c\u1ee9ng: 8-12tr Th\u01b0\u1edfng theo chi\u1ebfn d\u1ecbch, d\u1ef1 \u00e1n.<\/p>\n","protected":false},"author":1,"featured_media":0,"parent":0,"menu_order":0,"comment_status":"closed","ping_status":"closed","template":"templates\/policy-career.php","meta":{"footnotes":""},"acf":[],"_links":{"self":[{"href":"https:\/\/hungchaugroup.com.vn\/en\/wp-json\/wp\/v2\/pages\/6666"}],"collection":[{"href":"https:\/\/hungchaugroup.com.vn\/en\/wp-json\/wp\/v2\/pages"}],"about":[{"href":"https:\/\/hungchaugroup.com.vn\/en\/wp-json\/wp\/v2\/types\/page"}],"author":[{"embeddable":true,"href":"https:\/\/hungchaugroup.com.vn\/en\/wp-json\/wp\/v2\/users\/1"}],"replies":[{"embeddable":true,"href":"https:\/\/hungchaugroup.com.vn\/en\/wp-json\/wp\/v2\/comments?post=6666"}],"version-history":[{"count":1,"href":"https:\/\/hungchaugroup.com.vn\/en\/wp-json\/wp\/v2\/pages\/6666\/revisions"}],"predecessor-version":[{"id":8319,"href":"https:\/\/hungchaugroup.com.vn\/en\/wp-json\/wp\/v2\/pages\/6666\/revisions\/8319"}],"wp:attachment":[{"href":"https:\/\/hungchaugroup.com.vn\/en\/wp-json\/wp\/v2\/media?parent=6666"}],"curies":[{"name":"wp","href":"https:\/\/api.w.org\/{rel}","templated":true}]}}