{"id":6662,"date":"2022-05-19T14:11:01","date_gmt":"2022-05-19T07:11:01","guid":{"rendered":"https:\/\/hungchaugroup.com.vn\/che-do-bao-hiem\/"},"modified":"2024-06-15T19:07:57","modified_gmt":"2024-06-15T12:07:57","slug":"che-do-bao-hiem","status":"publish","type":"page","link":"https:\/\/hungchaugroup.com.vn\/en\/che-do-bao-hiem\/","title":{"rendered":"Ch\u1ebf \u0111\u1ed9 b\u1ea3o hi\u1ec3m"},"content":{"rendered":"<ul>\n<li>B\u1ea3o hi\u1ec3m x\u00e3 h\u1ed9i<\/li>\n<li>B\u1ea3o hi\u1ec3m y t\u1ebf<\/li>\n<li>B\u1ea3o hi\u1ec3m th\u1ea5t nghi\u1ec7p<\/li>\n<li>C\u00e1c quy\u1ec1n l\u1ee3i kh\u00e1c theo lu\u1eadt lao \u0111\u1ed9ng v\u00e0 ch\u00ednh s\u00e1ch c\u1ee7a C\u00f4ng ty<\/li>\n<\/ul>\n","protected":false},"excerpt":{"rendered":"<p>B\u1ea3o hi\u1ec3m x\u00e3 h\u1ed9i B\u1ea3o hi\u1ec3m y t\u1ebf B\u1ea3o hi\u1ec3m th\u1ea5t nghi\u1ec7p C\u00e1c quy\u1ec1n l\u1ee3i kh\u00e1c theo lu\u1eadt lao \u0111\u1ed9ng v\u00e0 ch\u00ednh s\u00e1ch c\u1ee7a C\u00f4ng ty<\/p>\n","protected":false},"author":1,"featured_media":0,"parent":0,"menu_order":0,"comment_status":"closed","ping_status":"closed","template":"templates\/policy-career.php","meta":{"footnotes":""},"acf":[],"_links":{"self":[{"href":"https:\/\/hungchaugroup.com.vn\/en\/wp-json\/wp\/v2\/pages\/6662"}],"collection":[{"href":"https:\/\/hungchaugroup.com.vn\/en\/wp-json\/wp\/v2\/pages"}],"about":[{"href":"https:\/\/hungchaugroup.com.vn\/en\/wp-json\/wp\/v2\/types\/page"}],"author":[{"embeddable":true,"href":"https:\/\/hungchaugroup.com.vn\/en\/wp-json\/wp\/v2\/users\/1"}],"replies":[{"embeddable":true,"href":"https:\/\/hungchaugroup.com.vn\/en\/wp-json\/wp\/v2\/comments?post=6662"}],"version-history":[{"count":1,"href":"https:\/\/hungchaugroup.com.vn\/en\/wp-json\/wp\/v2\/pages\/6662\/revisions"}],"predecessor-version":[{"id":8320,"href":"https:\/\/hungchaugroup.com.vn\/en\/wp-json\/wp\/v2\/pages\/6662\/revisions\/8320"}],"wp:attachment":[{"href":"https:\/\/hungchaugroup.com.vn\/en\/wp-json\/wp\/v2\/media?parent=6662"}],"curies":[{"name":"wp","href":"https:\/\/api.w.org\/{rel}","templated":true}]}}